{"id":17,"date":"2019-01-06T08:04:04","date_gmt":"2019-01-06T08:04:04","guid":{"rendered":"http:\/\/birmasvomwiesenwege.de\/?page_id=17"},"modified":"2019-01-06T10:50:06","modified_gmt":"2019-01-06T10:50:06","slug":"ueber-uns","status":"publish","type":"page","link":"http:\/\/birmasvomwiesenwege.de\/?page_id=17","title":{"rendered":"\u00dcber uns"},"content":{"rendered":"<p>[et_pb_section fb_built=&#8220;1&#8243; _builder_version=&#8220;3.18.4&#8243;][et_pb_row _builder_version=&#8220;3.18.4&#8243;][et_pb_column type=&#8220;4_4&#8243; _builder_version=&#8220;3.18.4&#8243; parallax=&#8220;off&#8220; parallax_method=&#8220;on&#8220;][et_pb_text _builder_version=&#8220;3.18.4&#8243; inline_fonts=&#8220;Arial&#8220;]<\/p>\n<p align=\"left\"><span color=\"#000000\" style=\"color: #000000; font-size: large; font-family: Arial;\"><span face=\"Arial, Helvetica, sans-serif\"><span size=\"1\">Wir, das sind mein Mann Kurt und ich, Jutta, haben uns 1989\u00a0in die Birmakatze verliebt. <\/span><\/span><\/span><\/p>\n<p align=\"left\"><span color=\"#000000\" style=\"color: #000000; font-size: large; font-family: Arial;\"><span face=\"Arial, Helvetica, sans-serif\"><span size=\"1\"><\/span><\/span><\/span><\/p>\n<p align=\"left\"><span color=\"#000000\" style=\"color: #000000; font-size: large; font-family: Arial;\"><span face=\"Arial, Helvetica, sans-serif\"><span size=\"1\">Schuld daran ist ein kleiner seal-point Kater gewesen,\u00a0den sehr viele noch in\u00a0sehr guter Erinnerung haben,\u00a0<strong>Lucky von der Sternenwarte<\/strong>. Lucky war ausschlaggebend daf\u00fcr, dass wir uns nach\u00a0reichlicher \u00dcberlegung und Information nach einer kleinen Birmalady umgesehen haben. <\/span><\/span><\/span><\/p>\n<p align=\"left\"><span color=\"#000000\" style=\"color: #000000; font-size: large; font-family: Arial;\"><span face=\"Arial, Helvetica, sans-serif\"><span size=\"1\">Unser Problem -blue-tabby-point sollte es sein. 1991 zog <strong>Fiaba vom Rosenfelde<\/strong> bei uns ein, man k\u00f6nnte auch sagen, sie gab sich die Ehre.<\/span><\/span><\/span><\/p>\n<p align=\"left\"><span color=\"#000000\" style=\"color: #000000; font-size: large; font-family: Arial;\"><span face=\"Arial, Helvetica, sans-serif\"><span size=\"1\">Inzwischen hat sich unsere kleine Zucht etwas vergr\u00f6\u00dfert, eigene Kater, Katzen,\u00a0Kastraten und Birmas mit perfekten und nicht perfekten\u00a0Wei\u00dfanteil, aber ein Augenaufschlag&#8230;.<\/span><\/span><\/span><\/p>\n<p align=\"left\"><span color=\"#000000\" style=\"color: #000000; font-size: large; font-family: Arial;\"><span face=\"Arial, Helvetica, sans-serif\"><span size=\"1\">Wie sie merken, hat uns die Birma\u00a0voll um den kleinen Finger gewickelt. Uns ist vor allem, au\u00dfer blaue Augen, Typ, Fell und der Charakter\u00a0der\u00a0kleinen Kobolde wichtig. Ausgeglichen und verspielt sollen sie sein und\u00a0sich\u00a0vor allem mit den anderen vertragen.<\/span><\/span><\/span><\/p>\n<p align=\"left\"><span color=\"#000000\" style=\"color: #000000; font-size: large; font-family: Arial;\"><span face=\"Arial, Helvetica, sans-serif\"><span size=\"1\">Aus diesem Wege m\u00f6chten wir uns bei Kirsten\u00a0Ulso bedanken, die uns sehr viel von dem,\u00a0was wir f\u00fcr unsere Zucht ben\u00f6tigen\u00a0mit gro\u00dfer Geduld erkl\u00e4rt und gelehrt hat. Wer sie kennt wei\u00df, dass\u00a0Sie sehr energisch sein kann und es war schon besser, wenn man die Farbe der Kitten erkannte.<\/span><\/span><\/span><\/p>\n<p align=\"left\"><span color=\"#000000\" style=\"color: #000000; font-size: large; font-family: Arial;\"><span face=\"Arial, Helvetica, sans-serif\"><span size=\"1\">Danke Kirsten!<\/span><\/span><\/span><\/p>\n<p align=\"left\"><span style=\"font-size: large; font-weight: normal; color: #e02b20;\"><strong><span color=\"#000000\"><span face=\"Arial, Helvetica, sans-serif\"><span size=\"1\">Wir wohnen im hohen\u00a0Norden &#8211; in Flensburg.<\/span><\/span><\/span><\/strong><\/span><\/p>\n<p align=\"left\"><span style=\"font-size: large; font-weight: normal; color: #e02b20;\"><strong><span color=\"#000000\"><span face=\"Arial, Helvetica, sans-serif\"><span size=\"1\">5 Km von der d\u00e4nischen Grenze entfernt. Wer Lust hat, vielleicht auf dem Wege\u00a0nach D\u00e4nemark, darf uns\u00a0gerne besuchen kommen.<\/span><\/span><\/span><\/strong><\/span><\/p>\n<p align=\"left\"><span style=\"font-size: large; font-weight: normal; color: #e02b20;\"><strong><span color=\"#000000\"><span face=\"Arial, Helvetica, sans-serif\"><span size=\"1\">Eine telefonische Voranmeldung\/Absprache w\u00e4re sehr erw\u00fcnscht. Ansonsten wartet eine Tasse Kaffee\/Tee etc. auf Sie.<\/span><\/span><\/span><\/strong><\/span><\/p>\n<p align=\"left\"><span color=\"#000000\" style=\"color: #000000; font-size: large; font-family: Arial;\">\u00a0<\/span><\/p>\n<p align=\"left\"><span color=\"#000000\" style=\"color: #000000; font-size: large; font-family: Arial;\"><span face=\"Arial, Helvetica, sans-serif\"><span size=\"1\">Bis bald?<\/span><\/span><\/span><\/p>\n<p align=\"left\"><span color=\"#000000\" style=\"color: #000000; font-size: large; font-family: Arial;\"><span face=\"Arial, Helvetica, sans-serif\"><span size=\"1\">Kurt und Jutta Neumann mit dem Birmazwinger vom Wiesenwege.\u00a0<\/span><\/span><\/span><\/p>\n<p>[\/et_pb_text][\/et_pb_column][\/et_pb_row][\/et_pb_section]<\/p>\n","protected":false},"excerpt":{"rendered":"<p>[et_pb_section fb_built=&#8220;1&#8243; _builder_version=&#8220;3.18.4&#8243;][et_pb_row _builder_version=&#8220;3.18.4&#8243;][et_pb_column type=&#8220;4_4&#8243; _builder_version=&#8220;3.18.4&#8243; parallax=&#8220;off&#8220; parallax_method=&#8220;on&#8220;][et_pb_text _builder_version=&#8220;3.18.4&#8243; inline_fonts=&#8220;Arial&#8220;] Wir, das sind mein Mann Kurt und ich, Jutta, haben uns 1989\u00a0in die Birmakatze verliebt. Schuld daran ist ein kleiner seal-point Kater gewesen,\u00a0den sehr viele noch in\u00a0sehr guter Erinnerung haben,\u00a0Lucky von der Sternenwarte. Lucky war ausschlaggebend daf\u00fcr, dass wir uns nach\u00a0reichlicher \u00dcberlegung und Information nach [&hellip;]<\/p>\n","protected":false},"author":1,"featured_media":0,"parent":0,"menu_order":0,"comment_status":"closed","ping_status":"closed","template":"","meta":{"_et_pb_use_builder":"on","_et_pb_old_content":""},"_links":{"self":[{"href":"http:\/\/birmasvomwiesenwege.de\/index.php?rest_route=\/wp\/v2\/pages\/17"}],"collection":[{"href":"http:\/\/birmasvomwiesenwege.de\/index.php?rest_route=\/wp\/v2\/pages"}],"about":[{"href":"http:\/\/birmasvomwiesenwege.de\/index.php?rest_route=\/wp\/v2\/types\/page"}],"author":[{"embeddable":true,"href":"http:\/\/birmasvomwiesenwege.de\/index.php?rest_route=\/wp\/v2\/users\/1"}],"replies":[{"embeddable":true,"href":"http:\/\/birmasvomwiesenwege.de\/index.php?rest_route=%2Fwp%2Fv2%2Fcomments&post=17"}],"version-history":[{"count":3,"href":"http:\/\/birmasvomwiesenwege.de\/index.php?rest_route=\/wp\/v2\/pages\/17\/revisions"}],"predecessor-version":[{"id":158,"href":"http:\/\/birmasvomwiesenwege.de\/index.php?rest_route=\/wp\/v2\/pages\/17\/revisions\/158"}],"wp:attachment":[{"href":"http:\/\/birmasvomwiesenwege.de\/index.php?rest_route=%2Fwp%2Fv2%2Fmedia&parent=17"}],"curies":[{"name":"wp","href":"https:\/\/api.w.org\/{rel}","templated":true}]}}